{"id":1024,"date":"2024-04-17T22:38:02","date_gmt":"2024-04-17T21:38:02","guid":{"rendered":"https:\/\/comitevas-y.org\/?page_id=1024"},"modified":"2024-04-17T22:38:02","modified_gmt":"2024-04-17T21:38:02","slug":"recap","status":"publish","type":"page","link":"https:\/\/comitevas-y.org\/?page_id=1024","title":{"rendered":"RECAP"},"content":{"rendered":"<h2><strong>Le R\u00e9seau d&#8217;Entraide communautaire des a\u00een\u00e9s de Portneuf (RECAP) <\/strong><\/h2>\n<p>Le R\u00e9seau d&#8217;Entraide communautaire des a\u00een\u00e9s de Portneuf (RECAP) s\u2019inspire de divers projets : Voisins solidaires de l\u2019EspaceMuni, SuperVoisins de la MRC de Rocher-Perc\u00e9, Projet \u00ab contact \/ impact \u00bb du CSSS Rocher-Perc\u00e9, Mon histoire en h\u00e9ritage de la table de concertation des a\u00een\u00e9s de Portneuf, de la politique pour contrer le d\u00e9conditionnement et de la politique pour le maintien \u00e0 domicile.<\/p>\n<p>Le d\u00e9veloppement du RECAP repose sur l\u2019implantation des SuperVoisins, qui repr\u00e9sente une approche innovante pour renforcer les liens sociaux.<\/p>\n<p>Qu&#8217;est-ce que le \u00ab SuperVoisin \u00bb :<\/p>\n<p>C&#8217;est : Aimer \u00eatre en pr\u00e9sence de personnes a\u00een\u00e9es, \u00eatre capable d\u2019\u00e9tablir des relations respectueuses et amicales, avoir la capacit\u00e9 de passer du temps avec une personne seule, savoir \u00c9COUTER, savoir OBSERVER, savoir RESPECTER. Rendre de petits services qui am\u00e9liore la s\u00e9curit\u00e9 des a\u00een\u00e9s.<\/p>\n<p>Son r\u00f4le : Rendre de petits services qui facilitent le quotidien de la personne a\u00een\u00e9e (mettre les poubelles au chemin, pelleter le perron, aller faire les courses, offrir un repas, etc.), \u00eatre \u00e0 l\u2019aff\u00fbt de signes (probl\u00e8mes de sant\u00e9, de ressources, de d\u00e9tresse), r\u00e9f\u00e9rer vers les ressources et services du milieu.<\/p>\n<p>Il poursuit \u00e9galement les objectifs sp\u00e9cifiques suivants :<\/p>\n<p>&#8211; S\u00e9curiser, r\u00e9conforter les a\u00een\u00e9s et pr\u00e9venir leur isolement social.<\/p>\n<p>&#8211; Rep\u00e9rer et rejoindre les a\u00een\u00e9s en situation de vuln\u00e9rabilit\u00e9 qui n\u2019utilisent pas les ressources \u00e0 leur disposition.<\/p>\n<p>&#8211; Faire connaitre les ressources et services existants sur le territoire.<\/p>\n<p>&#8211; Mobiliser et former la communaut\u00e9 \u00e0 l\u2019entraide citoyenne et la sensibiliser aux conditions de vie des a\u00een\u00e9s.<\/p>\n<p>Le projet R\u00e9seau d&#8217;Entraide Communautaire des A\u00een\u00e9s de Portneuf (RECAP) mise sur le concept du \u00ab SuperVoisin \u00bb, mais adapt\u00e9 aux particularit\u00e9s du territoire de Portneuf.<\/p>\n<p>&nbsp;<\/p>\n<p>Le projet vise \u00e0 d\u00e9velopper puis \u00e0 conserver une attitude de voisin bienveillant.<\/p>\n<p>&nbsp;<\/p>\n<p>Le RECAP reposera sur trois axes de d\u00e9veloppement : A\u00een\u00e9s SuperVoisins, Population adulte SuperVoisins et Ado SuperVoisins.<\/p>\n<p>&nbsp;<\/p>\n<p>Rencontrer les municipalit\u00e9s, groupes sociaux, organismes communautaires partenaires, CIUSSS, \u00e9coles, chambres de commerce et toute organisation qui sera b\u00e9n\u00e9fique \u00e0 la mise en place et au d\u00e9veloppement du RECAP.<\/p>\n<p>&nbsp;<\/p>\n<p>D\u00e9velopper un projet \u00ab Ado SuperVoisin \u00bb en collaboration avec l\u2019\u00c9cole secondaire Louis-Jobin de St-Raymond. L\u2019exemple du projet \u00ab Mon histoire en h\u00e9ritage 1 et 2 \u00bb d\u00e9montre l\u2019int\u00e9r\u00eat du Centre de services scolaire de Portneuf pour favoriser la communication interg\u00e9n\u00e9rationnelle, \u00e9duquer et informer.<\/p>\n<p>(Voir les 8 capsules de Mon histoire en h\u00e9ritage #1 sur YouTube : le lien est disponible au bas de cette page)<\/p>\n<p>D\u00e9veloppement de supports de communication adapt\u00e9 \u00e0 la client\u00e8le cible dans un vocabulaire accessible et respectueux.<\/p>\n<p>Int\u00e9grer des \u00e9l\u00e9ments du projet de g\u00e9riatrie sociale Portneuf chapeaut\u00e9 par la Table de concertation des a\u00een\u00e9s de Portneuf (TCAP) en mettant \u00e0 la disposition une formation sentinelle version 2.0 qui s\u2019adresse aux a\u00een\u00e9s et aux familles qui vise \u00e0 faire la diff\u00e9rence entre un vieillissement normal et un vieillissement anormal, de mani\u00e8re \u00e0 \u00e9viter une prise en charge tardive d\u2019un probl\u00e8me de sant\u00e9 et ainsi favoriser le maintien \u00e0 domicile.<\/p>\n<p>Tout ceci am\u00e9liore le filet social des personnes a\u00een\u00e9es et des r\u00e9sidents en g\u00e9n\u00e9ral.<\/p>\n<p>&nbsp;<\/p>\n<p>&nbsp;<\/p>\n<p>Pour visionner les 8 capsules de mon histoire en h\u00e9ritage #1 sur YouTube ,<\/p>\n<p>cliquer sur le lien ci-dessous\u00a0 :<\/p>\n<p><a href=\"https:\/\/www.youtube.com\/playlist?list=PLh163ftSk0G5q_EmIXeYItTcF7Y1_eGJZ\">https:\/\/www.youtube.com\/playlist?list=PLh163ftSk0G5q_EmIXeYItTcF7Y1_eGJZ<\/a><\/p>\n<p>&nbsp;<\/p>\n","protected":false},"excerpt":{"rendered":"<p>Le R\u00e9seau d&#8217;Entraide communautaire des a\u00een\u00e9s de Portneuf (RECAP) Le R\u00e9seau d&#8217;Entraide communautaire des a\u00een\u00e9s de Portneuf (RECAP) s\u2019inspire de divers projets : Voisins solidaires de l\u2019EspaceMuni, SuperVoisins de la MRC de Rocher-Perc\u00e9, Projet \u00ab contact \/ impact \u00bb du<\/p>\n","protected":false},"author":2,"featured_media":0,"parent":0,"menu_order":0,"comment_status":"closed","ping_status":"closed","template":"","meta":{"spay_email":""},"jetpack_sharing_enabled":true,"jetpack_shortlink":"https:\/\/wp.me\/P8etWi-gw","_links":{"self":[{"href":"https:\/\/comitevas-y.org\/index.php?rest_route=\/wp\/v2\/pages\/1024"}],"collection":[{"href":"https:\/\/comitevas-y.org\/index.php?rest_route=\/wp\/v2\/pages"}],"about":[{"href":"https:\/\/comitevas-y.org\/index.php?rest_route=\/wp\/v2\/types\/page"}],"author":[{"embeddable":true,"href":"https:\/\/comitevas-y.org\/index.php?rest_route=\/wp\/v2\/users\/2"}],"replies":[{"embeddable":true,"href":"https:\/\/comitevas-y.org\/index.php?rest_route=%2Fwp%2Fv2%2Fcomments&post=1024"}],"version-history":[{"count":3,"href":"https:\/\/comitevas-y.org\/index.php?rest_route=\/wp\/v2\/pages\/1024\/revisions"}],"predecessor-version":[{"id":1027,"href":"https:\/\/comitevas-y.org\/index.php?rest_route=\/wp\/v2\/pages\/1024\/revisions\/1027"}],"wp:attachment":[{"href":"https:\/\/comitevas-y.org\/index.php?rest_route=%2Fwp%2Fv2%2Fmedia&parent=1024"}],"curies":[{"name":"wp","href":"https:\/\/api.w.org\/{rel}","templated":true}]}}