{"id":1030,"date":"2024-04-17T22:43:31","date_gmt":"2024-04-17T21:43:31","guid":{"rendered":"https:\/\/comitevas-y.org\/?page_id=1030"},"modified":"2024-04-17T22:43:31","modified_gmt":"2024-04-17T21:43:31","slug":"mission-et-valeurs","status":"publish","type":"page","link":"https:\/\/comitevas-y.org\/?page_id=1030","title":{"rendered":"Mission et valeurs"},"content":{"rendered":"<h1><strong>Notre mission<\/strong><\/h1>\n<p><strong>\u00a0<\/strong><\/p>\n<p>La raison d\u2019\u00eatre du Comit\u00e9 VAS-Y consiste \u00e0 soutenir le maintien \u00e0 domicile en offrant des services de proximit\u00e9 compl\u00e9mentaires.<\/p>\n<p>Les membres se voient offrir des services favorisant la bienveillance en plus des services de transports-accompagnements.<\/p>\n<p>&nbsp;<\/p>\n<h1><strong>Nos valeurs<\/strong><\/h1>\n<p>&nbsp;<\/p>\n<p><strong><em>Respect: <\/em><\/strong>Qui consiste \u00e0 traiter les autres comme nous souhaiterions \u00eatre trait\u00e9s;<\/p>\n<p>Accepter sans discrimination les personnes quelques soit leurs conditions financi\u00e8res, sociales ou de sant\u00e9 physique ou mentale;<\/p>\n<p>Ne pas d\u00e9nigrer les opinions ou id\u00e9es diff\u00e9rentes des n\u00f4tres;<\/p>\n<p>Garder confidentiel les informations re\u00e7ues dans le cadre de ses fonctions.<\/p>\n<p>&nbsp;<\/p>\n<p><strong><em>Empathie<\/em><\/strong><strong><em>\u00a0:<\/em><\/strong> \u00catre \u00e0 l\u2019\u00e9coute de l\u2019autre, lui porter un regard aimant, compr\u00e9hensif et sans jugement, l\u2019encourager et le consoler au besoin.<\/p>\n<p><strong><em>\u00a0<\/em><\/strong><\/p>\n<p><strong>Reconnaissance:<\/strong> Manifester de la reconnaissance envers toutes les personnes impliqu\u00e9es au Comit\u00e9 VAS-Y.<\/p>\n","protected":false},"excerpt":{"rendered":"<p>Notre mission \u00a0 La raison d\u2019\u00eatre du Comit\u00e9 VAS-Y consiste \u00e0 soutenir le maintien \u00e0 domicile en offrant des services de proximit\u00e9 compl\u00e9mentaires. Les membres se voient offrir des services favorisant la bienveillance en plus des services de transports-accompagnements. &nbsp;<\/p>\n","protected":false},"author":2,"featured_media":0,"parent":0,"menu_order":0,"comment_status":"closed","ping_status":"closed","template":"","meta":{"spay_email":""},"jetpack_sharing_enabled":true,"jetpack_shortlink":"https:\/\/wp.me\/P8etWi-gC","_links":{"self":[{"href":"https:\/\/comitevas-y.org\/index.php?rest_route=\/wp\/v2\/pages\/1030"}],"collection":[{"href":"https:\/\/comitevas-y.org\/index.php?rest_route=\/wp\/v2\/pages"}],"about":[{"href":"https:\/\/comitevas-y.org\/index.php?rest_route=\/wp\/v2\/types\/page"}],"author":[{"embeddable":true,"href":"https:\/\/comitevas-y.org\/index.php?rest_route=\/wp\/v2\/users\/2"}],"replies":[{"embeddable":true,"href":"https:\/\/comitevas-y.org\/index.php?rest_route=%2Fwp%2Fv2%2Fcomments&post=1030"}],"version-history":[{"count":2,"href":"https:\/\/comitevas-y.org\/index.php?rest_route=\/wp\/v2\/pages\/1030\/revisions"}],"predecessor-version":[{"id":1032,"href":"https:\/\/comitevas-y.org\/index.php?rest_route=\/wp\/v2\/pages\/1030\/revisions\/1032"}],"wp:attachment":[{"href":"https:\/\/comitevas-y.org\/index.php?rest_route=%2Fwp%2Fv2%2Fmedia&parent=1030"}],"curies":[{"name":"wp","href":"https:\/\/api.w.org\/{rel}","templated":true}]}}