{"id":1080,"date":"2024-09-03T18:51:40","date_gmt":"2024-09-03T17:51:40","guid":{"rendered":"https:\/\/comitevas-y.org\/?page_id=1080"},"modified":"2025-02-18T23:14:52","modified_gmt":"2025-02-18T22:14:52","slug":"benevoles","status":"publish","type":"page","link":"https:\/\/comitevas-y.org\/?page_id=1080","title":{"rendered":"B\u00c9N\u00c9VOLES"},"content":{"rendered":"<h2 style=\"text-align: center;\"><strong><em>Contactez-nous au 418-337-4454 poste 223 pour de plus amples informations<\/em><\/strong>.<\/h2>\n<p style=\"text-align: center;\"><span style=\"color: #0000ff;\">\u00c0 la suite du d\u00e9part de la responsable des services d&#8217;amiti\u00e9, les appels seront retourn\u00e9s moins rapidement. Merci pour votre compr\u00e9hension.<\/span><\/p>\n<p style=\"text-align: center;\"><span style=\"color: #0000ff;\">En vigueur \u00e0 compter du 14 f\u00e9vrier 2025.<\/span><\/p>\n<p>&nbsp;<\/p>\n<p><img loading=\"lazy\" class=\"alignright size-full wp-image-1191\" src=\"https:\/\/i1.wp.com\/comitevas-y.org\/wp-content\/uploads\/2025\/02\/benevoles_appels.png?resize=744%2C828&#038;ssl=1\" alt=\"\" width=\"744\" height=\"828\" srcset=\"https:\/\/i1.wp.com\/comitevas-y.org\/wp-content\/uploads\/2025\/02\/benevoles_appels.png?w=744&amp;ssl=1 744w, https:\/\/i1.wp.com\/comitevas-y.org\/wp-content\/uploads\/2025\/02\/benevoles_appels.png?resize=270%2C300&amp;ssl=1 270w\" sizes=\"(max-width: 744px) 100vw, 744px\" data-recalc-dims=\"1\" \/><\/p>\n<p>&nbsp;<\/p>\n<p>&nbsp;<\/p>\n<p>&nbsp;<\/p>\n","protected":false},"excerpt":{"rendered":"<p>Contactez-nous au 418-337-4454 poste 223 pour de plus amples informations. \u00c0 la suite du d\u00e9part de la responsable des services d&#8217;amiti\u00e9, les appels seront retourn\u00e9s moins rapidement. Merci pour votre compr\u00e9hension. En vigueur \u00e0 compter du 14 f\u00e9vrier 2025. &nbsp;<\/p>\n","protected":false},"author":2,"featured_media":0,"parent":0,"menu_order":0,"comment_status":"closed","ping_status":"closed","template":"","meta":{"spay_email":""},"jetpack_sharing_enabled":true,"jetpack_shortlink":"https:\/\/wp.me\/P8etWi-hq","_links":{"self":[{"href":"https:\/\/comitevas-y.org\/index.php?rest_route=\/wp\/v2\/pages\/1080"}],"collection":[{"href":"https:\/\/comitevas-y.org\/index.php?rest_route=\/wp\/v2\/pages"}],"about":[{"href":"https:\/\/comitevas-y.org\/index.php?rest_route=\/wp\/v2\/types\/page"}],"author":[{"embeddable":true,"href":"https:\/\/comitevas-y.org\/index.php?rest_route=\/wp\/v2\/users\/2"}],"replies":[{"embeddable":true,"href":"https:\/\/comitevas-y.org\/index.php?rest_route=%2Fwp%2Fv2%2Fcomments&post=1080"}],"version-history":[{"count":4,"href":"https:\/\/comitevas-y.org\/index.php?rest_route=\/wp\/v2\/pages\/1080\/revisions"}],"predecessor-version":[{"id":1198,"href":"https:\/\/comitevas-y.org\/index.php?rest_route=\/wp\/v2\/pages\/1080\/revisions\/1198"}],"wp:attachment":[{"href":"https:\/\/comitevas-y.org\/index.php?rest_route=%2Fwp%2Fv2%2Fmedia&parent=1080"}],"curies":[{"name":"wp","href":"https:\/\/api.w.org\/{rel}","templated":true}]}}