{"id":126,"date":"2016-12-26T00:02:21","date_gmt":"2016-12-25T23:02:21","guid":{"rendered":"http:\/\/comitevas-y.org\/?page_id=126"},"modified":"2025-02-05T23:48:48","modified_gmt":"2025-02-05T22:48:48","slug":"devenir-membre","status":"publish","type":"page","link":"https:\/\/comitevas-y.org\/?page_id=126","title":{"rendered":"Devenir Membre"},"content":{"rendered":"<h3 style=\"text-align: left;\"><span style=\"color: #3366ff;\">C&#8217;est seulement 10<strong>$<\/strong> par ann\u00e9e pour devenir membre <\/span><\/h3>\n<h3 style=\"text-align: left;\"><span style=\"color: #3366ff;\">\u00a0<\/span><\/h3>\n<p>&nbsp;<\/p>\n<p style=\"text-align: left;\"><strong><span style=\"color: #000000;\">Pr\u00e9sentez-vous \u00e0 nos bureaux ou faites nous parvenir un ch\u00e8que \u00e0 l&#8217;attention du :\u00a0<\/span><\/strong><\/p>\n<p style=\"text-align: center;\"><strong><span style=\"color: #000000;\">Comit\u00e9 Vas-Y de Saint-Raymond<\/span><\/strong><\/p>\n<p style=\"text-align: center;\"><strong><span style=\"color: #000000;\">163, rue Saint-Ignace<\/span><\/strong><\/p>\n<p style=\"text-align: center;\"><strong><span style=\"color: #000000;\">Saint-Raymond (Qu\u00e9bec) G3L 1E7<\/span><\/strong><\/p>\n<p>&nbsp;<\/p>\n<p><span style=\"color: #ff0000;\">Pourquoi une carte de membre ?<\/span><\/p>\n<p>Le Comit\u00e9 Vas-y de Saint-Raymond est un OSBL et il est dans l&#8217;obligation de tenir une assembl\u00e9e g\u00e9n\u00e9rale annuelle.<\/p>\n<p>Le prix de la carte de membre permet l&#8217;envoi de la convocation \u00e0 l&#8217;assembl\u00e9e g\u00e9n\u00e9rale annuelle par la poste pour ceux qui n&#8217;ont pas acc\u00e8s \u00e0 une adresse courriel. Le montant permet aussi d&#8217;assurer certains services \u00e0 un co\u00fbt moindre pour les usagers.<\/p>\n<p>&nbsp;<\/p>\n<p>&nbsp;<\/p>\n<p style=\"text-align: left;\"><span style=\"color: #000000;\">\u00a0<\/span><\/p>\n<p>&nbsp;<\/p>\n","protected":false},"excerpt":{"rendered":"<p>Pour seulement 5$ vous avez droit \u00e0 nos services pour une ann\u00e9e.<\/p>\n","protected":false},"author":2,"featured_media":0,"parent":0,"menu_order":0,"comment_status":"closed","ping_status":"closed","template":"","meta":{"spay_email":""},"jetpack_sharing_enabled":true,"jetpack_shortlink":"https:\/\/wp.me\/P8etWi-22","_links":{"self":[{"href":"https:\/\/comitevas-y.org\/index.php?rest_route=\/wp\/v2\/pages\/126"}],"collection":[{"href":"https:\/\/comitevas-y.org\/index.php?rest_route=\/wp\/v2\/pages"}],"about":[{"href":"https:\/\/comitevas-y.org\/index.php?rest_route=\/wp\/v2\/types\/page"}],"author":[{"embeddable":true,"href":"https:\/\/comitevas-y.org\/index.php?rest_route=\/wp\/v2\/users\/2"}],"replies":[{"embeddable":true,"href":"https:\/\/comitevas-y.org\/index.php?rest_route=%2Fwp%2Fv2%2Fcomments&post=126"}],"version-history":[{"count":18,"href":"https:\/\/comitevas-y.org\/index.php?rest_route=\/wp\/v2\/pages\/126\/revisions"}],"predecessor-version":[{"id":1185,"href":"https:\/\/comitevas-y.org\/index.php?rest_route=\/wp\/v2\/pages\/126\/revisions\/1185"}],"wp:attachment":[{"href":"https:\/\/comitevas-y.org\/index.php?rest_route=%2Fwp%2Fv2%2Fmedia&parent=126"}],"curies":[{"name":"wp","href":"https:\/\/api.w.org\/{rel}","templated":true}]}}