{"id":14,"date":"2016-12-04T20:38:03","date_gmt":"2016-12-04T19:38:03","guid":{"rendered":"http:\/\/comitevas-y.org\/?page_id=14"},"modified":"2024-01-09T21:05:39","modified_gmt":"2024-01-09T20:05:39","slug":"aide-aux-commissions","status":"publish","type":"page","link":"https:\/\/comitevas-y.org\/?page_id=14","title":{"rendered":"Aide aux commissions"},"content":{"rendered":"<p>&nbsp;<\/p>\n<h3><span style=\"color: #ff0000;\">\u00a0<\/span><\/h3>\n<h3><\/h3>\n<h3><\/h3>\n<h3 style=\"text-align: left;\"><strong><span style=\"color: #3366ff;\">Aide aux commissions<\/span><\/strong><\/h3>\n<p style=\"text-align: left;\"><strong><span style=\"color: #000000;\">D\u00e8s que vous avez besoin d\u2019aller aux \u00e9piceries, pharmacies, institutions financi\u00e8res, magasins\u00a0et bureau de poste, r\u00e9servez votre accompagnateur.<\/span><\/strong><\/p>\n<p style=\"text-align: left;\"><span style=\"color: #000000;\"><strong>Un accompagnateur ira vous recueillir \u00e0 votre domicile \u00e0 l&#8217;heure qui vous convient.<\/strong><\/span><\/p>\n<p style=\"text-align: left;\"><strong><span style=\"color: #000000;\">Il peut\u00a0:<\/span><\/strong><\/p>\n<ul>\n<li style=\"text-align: left;\"><strong><span style=\"color: #000000;\">Vous aider \u00e0\u00a0d\u00e9placer\u00a0votre panier d\u2019\u00e9picerie.<\/span><\/strong><\/li>\n<li style=\"text-align: left;\"><strong><span style=\"color: #000000;\">Voir \u00e0 ce que vos achats respectent votre budget.<\/span><\/strong><\/li>\n<li style=\"text-align: left;\"><strong><span style=\"color: #000000;\">Monter les sacs de vos achats \u00e0 votre domicile.<\/span><\/strong><\/li>\n<\/ul>\n<p style=\"text-align: center;\"><b>\u00a0<\/b><\/p>\n<p style=\"text-align: center;\"><strong>Si aucun voisin ou membre de la famille ne peut faire vos commissions essentielles,<\/strong><\/p>\n<p style=\"text-align: center;\"><strong> contacter nous et nous essaierons de trouver un b\u00e9n\u00e9vole.<\/strong><\/p>\n<p style=\"text-align: center;\"><strong>On vous veut en sant\u00e9, avec nous, pour longtemps.<\/strong><\/p>\n<p>&nbsp;<\/p>\n","protected":false},"excerpt":{"rendered":"<p>D\u00e8s que vous planifiez aller aux \u00e9piceries, pharmacies, institutions financi\u00e8res et bureau de poste, r\u00e9servez votre accompagnateur.<\/p>\n","protected":false},"author":2,"featured_media":25,"parent":0,"menu_order":0,"comment_status":"closed","ping_status":"closed","template":"","meta":{"spay_email":""},"jetpack_sharing_enabled":true,"jetpack_shortlink":"https:\/\/wp.me\/P8etWi-e","_links":{"self":[{"href":"https:\/\/comitevas-y.org\/index.php?rest_route=\/wp\/v2\/pages\/14"}],"collection":[{"href":"https:\/\/comitevas-y.org\/index.php?rest_route=\/wp\/v2\/pages"}],"about":[{"href":"https:\/\/comitevas-y.org\/index.php?rest_route=\/wp\/v2\/types\/page"}],"author":[{"embeddable":true,"href":"https:\/\/comitevas-y.org\/index.php?rest_route=\/wp\/v2\/users\/2"}],"replies":[{"embeddable":true,"href":"https:\/\/comitevas-y.org\/index.php?rest_route=%2Fwp%2Fv2%2Fcomments&post=14"}],"version-history":[{"count":26,"href":"https:\/\/comitevas-y.org\/index.php?rest_route=\/wp\/v2\/pages\/14\/revisions"}],"predecessor-version":[{"id":985,"href":"https:\/\/comitevas-y.org\/index.php?rest_route=\/wp\/v2\/pages\/14\/revisions\/985"}],"wp:featuredmedia":[{"embeddable":true,"href":"https:\/\/comitevas-y.org\/index.php?rest_route=\/wp\/v2\/media\/25"}],"wp:attachment":[{"href":"https:\/\/comitevas-y.org\/index.php?rest_route=%2Fwp%2Fv2%2Fmedia&parent=14"}],"curies":[{"name":"wp","href":"https:\/\/api.w.org\/{rel}","templated":true}]}}