{"id":239,"date":"2017-02-02T15:03:31","date_gmt":"2017-02-02T14:03:31","guid":{"rendered":"http:\/\/comitevas-y.org\/?page_id=239"},"modified":"2017-03-02T20:27:43","modified_gmt":"2017-03-02T19:27:43","slug":"offrir-un-certificat-cadeau","status":"publish","type":"page","link":"https:\/\/comitevas-y.org\/?page_id=239","title":{"rendered":"Offrir un certificat cadeau"},"content":{"rendered":"<p>Vous n&#8217;avez pas toujours la disponibilit\u00e9 voulue pour accompagner vos proches, procurez-leurs un certificat cadeau du Comit\u00e9 Vas-Y.<\/p>\n<p>Vous serez assur\u00e9 qu&#8217;ils seront accompagn\u00e9s \u00e0 leur rendez-vous en toute s\u00e9curit\u00e9.<\/p>\n<p>&nbsp;<\/p>\n","protected":false},"excerpt":{"rendered":"<p>Vous n&#8217;avez pas toujours la disponibilit\u00e9 voulue pour accompagner vos proches, procurez-leurs un certificat cadeau du Comit\u00e9 Vas-Y. Vous serez assur\u00e9 qu&#8217;ils seront accompagn\u00e9s \u00e0 leur rendez-vous en toute s\u00e9curit\u00e9. &nbsp;<\/p>\n","protected":false},"author":2,"featured_media":0,"parent":0,"menu_order":0,"comment_status":"closed","ping_status":"closed","template":"","meta":{"spay_email":""},"jetpack_sharing_enabled":true,"jetpack_shortlink":"https:\/\/wp.me\/P8etWi-3R","_links":{"self":[{"href":"https:\/\/comitevas-y.org\/index.php?rest_route=\/wp\/v2\/pages\/239"}],"collection":[{"href":"https:\/\/comitevas-y.org\/index.php?rest_route=\/wp\/v2\/pages"}],"about":[{"href":"https:\/\/comitevas-y.org\/index.php?rest_route=\/wp\/v2\/types\/page"}],"author":[{"embeddable":true,"href":"https:\/\/comitevas-y.org\/index.php?rest_route=\/wp\/v2\/users\/2"}],"replies":[{"embeddable":true,"href":"https:\/\/comitevas-y.org\/index.php?rest_route=%2Fwp%2Fv2%2Fcomments&post=239"}],"version-history":[{"count":2,"href":"https:\/\/comitevas-y.org\/index.php?rest_route=\/wp\/v2\/pages\/239\/revisions"}],"predecessor-version":[{"id":410,"href":"https:\/\/comitevas-y.org\/index.php?rest_route=\/wp\/v2\/pages\/239\/revisions\/410"}],"wp:attachment":[{"href":"https:\/\/comitevas-y.org\/index.php?rest_route=%2Fwp%2Fv2%2Fmedia&parent=239"}],"curies":[{"name":"wp","href":"https:\/\/api.w.org\/{rel}","templated":true}]}}