{"id":28,"date":"2016-12-05T02:10:11","date_gmt":"2016-12-05T01:10:11","guid":{"rendered":"http:\/\/comitevas-y.org\/?page_id=28"},"modified":"2023-03-30T16:53:21","modified_gmt":"2023-03-30T15:53:21","slug":"devenir-accompagnateur","status":"publish","type":"page","link":"https:\/\/comitevas-y.org\/?page_id=28","title":{"rendered":"Devenir b\u00e9n\u00e9vole"},"content":{"rendered":"<h3 style=\"text-align: left;\"><span style=\"color: #000080;\"><strong>Vous voulez faire une diff\u00e9rence dans la communaut\u00e9 et vous sentir utile.<\/strong><\/span><\/h3>\n<p style=\"text-align: left;\"><strong>Vous pouvez accompagner la client\u00e8le:<\/strong><\/p>\n<p style=\"text-align: left;\"><strong>1- \u00e0 leur rendez-vous m\u00e9dicaux;<\/strong><\/p>\n<p style=\"text-align: left;\"><strong>2- pour r\u00e9aliser leur emplettes (\u00e9picerie, banque, caisse, pharmacie);<\/strong><\/p>\n<p><strong>3- pr\u00e9parer la commande d&#8217;\u00e9picerie pour un membre; (1 fois par semaine le mardi matin)<\/strong><\/p>\n<p style=\"text-align: left;\"><strong>4- livrer l&#8217;\u00e9picerie;<\/strong><\/p>\n<p style=\"text-align: left;\"><strong>5- livrer la Popote roulante \u00e0 domicile.<\/strong><\/p>\n<p><strong><span style=\"color: #000000;\">Votre r\u00f4le :<\/span><\/strong><\/p>\n<ul style=\"text-align: left;\">\n<li><strong><span style=\"color: #000000;\">Aller chercher le b\u00e9n\u00e9ficiaire \u00e0 son domicile.<\/span><\/strong><\/li>\n<li><strong><span style=\"color: #000000;\">Aider, en cas de besoin, le b\u00e9n\u00e9ficiaire \u00e0 se d\u00e9placer et \u00e0 s&#8217;installer dans la voiture.<\/span><\/strong><\/li>\n<li><strong><span style=\"color: #000000;\">Offrir aux gens de les accompagner au bon d\u00e9partement de l&#8217;h\u00f4pital et de demeurer avec eux pendant l&#8217;attente.<\/span><\/strong><\/li>\n<\/ul>\n<section class=\"kc-elm kc-css-3474682 kc_row\">\n<div class=\"kc-row-container kc-container\">\n<div class=\"kc-wrap-columns\">\n<div class=\"kc-elm kc-css-2890289 kc_col-sm-12 kc_column kc_col-sm-12\">\n<div class=\"kc-col-container\" style=\"text-align: left;\">\n<div class=\"kc-elm kc-css-2059708 kc_text_block\">\n<p><strong><span style=\"color: #000000;\">Profil :<\/span><\/strong><\/p>\n<ul>\n<li><strong><span style=\"color: #000000;\">Vous \u00eates fiable et \u00e0 l\u2019heure dans vos engagements.<\/span><\/strong><\/li>\n<li><strong><span style=\"color: #000000;\">\u00a0Vous \u00eates courtois, patient et savez respecter la confidentialit\u00e9.<\/span><\/strong><\/li>\n<\/ul>\n<p><strong><span style=\"color: #000000;\">Exigences :<\/span><\/strong><\/p>\n<ul>\n<li><strong><span style=\"color: #000000;\">Prendre rendez-vous avec le coordonnateur pour lui d\u00e9montrer votre int\u00e9r\u00eat \u00e0 \u00eatre accompagnateur.<\/span><\/strong><\/li>\n<li><strong><span style=\"color: #000000;\">Lors de la rencontre, compl\u00e9ter et signer, les formulaires de validation d\u2019un bon dossier de conduite de la SAAQ ainsi que celui de consentement \u00e0 une v\u00e9rification d\u2019ant\u00e9c\u00e9dents criminels.<\/span><\/strong><\/li>\n<\/ul>\n<p><strong><span style=\"color: #000000;\">Conditions :<\/span><\/strong><\/p>\n<ul>\n<li><strong><span style=\"color: #000000;\">Vous avez une compensation mon\u00e9taire pour chaque transport et ce, exempt d\u2019imp\u00f4t.<\/span><\/strong><\/li>\n<li><strong><span style=\"color: #000000;\">Nous respectons vos journ\u00e9es de disponibilit\u00e9.<\/span><\/strong><\/li>\n<li><strong><span style=\"color: #000000;\">Des frais de repas peuvent vous \u00eatre rembours\u00e9s.<\/span><\/strong><\/li>\n<li><strong><span style=\"color: #000000;\">Une couverture d\u2019assurance responsabilit\u00e9 civile\u00a0vous prot\u00e8ge \u00e0 titre d\u2019accompagnateur accr\u00e9dit\u00e9.<\/span><\/strong><\/li>\n<\/ul>\n<p><strong><span style=\"color: #0000ff;\">Nous sommes aussi \u00e0 la recherche de gens qui ont de l&#8217;exp\u00e9rience pour compl\u00e9ter les rapports d&#8217;imp\u00f4t pendant les mois de mars\u00a0et avril \u00e0 chaque ann\u00e9e, \u00e0 raison d&#8217;une journ\u00e9e seulement par semaine.\u00a0Contactez-nous d\u00e8s maintenant.<\/span><\/strong><\/p>\n<p><strong>Remplir le formulaire suivant:<\/strong><\/p>\n<\/div>\n<\/div>\n<p style=\"text-align: left;\"><strong><div role=\"form\" class=\"wpcf7\" id=\"wpcf7-f140-o1\" lang=\"fr-CA\" dir=\"ltr\">\n<div class=\"screen-reader-response\"><\/div>\n<form action=\"\/index.php?rest_route=%2Fwp%2Fv2%2Fpages%2F28#wpcf7-f140-o1\" method=\"post\" class=\"wpcf7-form\" novalidate=\"novalidate\">\n<div style=\"display: none;\">\n<input type=\"hidden\" name=\"_wpcf7\" value=\"140\" \/>\n<input type=\"hidden\" name=\"_wpcf7_version\" value=\"5.1.6\" \/>\n<input type=\"hidden\" name=\"_wpcf7_locale\" value=\"fr_CA\" \/>\n<input type=\"hidden\" name=\"_wpcf7_unit_tag\" value=\"wpcf7-f140-o1\" \/>\n<input type=\"hidden\" name=\"_wpcf7_container_post\" value=\"0\" \/>\n<\/div>\n<p><label> Votre nom (requis)<br \/>\n    <span class=\"wpcf7-form-control-wrap your-name\"><input type=\"text\" name=\"your-name\" value=\"\" size=\"40\" class=\"wpcf7-form-control wpcf7-text wpcf7-validates-as-required\" aria-required=\"true\" aria-invalid=\"false\" \/><\/span> <\/label><\/p>\n<p><label> Votre courriel (requis)<br \/>\n    <span class=\"wpcf7-form-control-wrap your-email\"><input type=\"email\" name=\"your-email\" value=\"\" size=\"40\" class=\"wpcf7-form-control wpcf7-text wpcf7-email wpcf7-validates-as-required wpcf7-validates-as-email\" aria-required=\"true\" aria-invalid=\"false\" \/><\/span> <\/label><\/p>\n<p><label> Sujet<br \/>\n    Devenir accompagnateur <\/label><\/p>\n<p><label> Votre message<br \/>\n    <span class=\"wpcf7-form-control-wrap your-message\"><textarea name=\"your-message\" cols=\"40\" rows=\"10\" class=\"wpcf7-form-control wpcf7-textarea\" aria-invalid=\"false\"><\/textarea><\/span> <\/label><\/p>\n<p><input type=\"submit\" value=\"Envoyer\" class=\"wpcf7-form-control wpcf7-submit\" \/><\/p>\n<div class=\"wpcf7-response-output wpcf7-display-none\"><\/div><\/form><\/div><\/strong><\/p>\n<\/div>\n<\/div>\n<\/div>\n<\/section>\n","protected":false},"excerpt":{"rendered":"<p>Voici comment devenir accompagnateur.<\/p>\n","protected":false},"author":2,"featured_media":0,"parent":0,"menu_order":0,"comment_status":"closed","ping_status":"closed","template":"","meta":{"spay_email":""},"jetpack_sharing_enabled":true,"jetpack_shortlink":"https:\/\/wp.me\/P8etWi-s","_links":{"self":[{"href":"https:\/\/comitevas-y.org\/index.php?rest_route=\/wp\/v2\/pages\/28"}],"collection":[{"href":"https:\/\/comitevas-y.org\/index.php?rest_route=\/wp\/v2\/pages"}],"about":[{"href":"https:\/\/comitevas-y.org\/index.php?rest_route=\/wp\/v2\/types\/page"}],"author":[{"embeddable":true,"href":"https:\/\/comitevas-y.org\/index.php?rest_route=\/wp\/v2\/users\/2"}],"replies":[{"embeddable":true,"href":"https:\/\/comitevas-y.org\/index.php?rest_route=%2Fwp%2Fv2%2Fcomments&post=28"}],"version-history":[{"count":22,"href":"https:\/\/comitevas-y.org\/index.php?rest_route=\/wp\/v2\/pages\/28\/revisions"}],"predecessor-version":[{"id":917,"href":"https:\/\/comitevas-y.org\/index.php?rest_route=\/wp\/v2\/pages\/28\/revisions\/917"}],"wp:attachment":[{"href":"https:\/\/comitevas-y.org\/index.php?rest_route=%2Fwp%2Fv2%2Fmedia&parent=28"}],"curies":[{"name":"wp","href":"https:\/\/api.w.org\/{rel}","templated":true}]}}