{"id":520,"date":"2018-03-25T16:13:05","date_gmt":"2018-03-25T15:13:05","guid":{"rendered":"http:\/\/comitevas-y.org\/?page_id=520"},"modified":"2024-01-09T21:08:52","modified_gmt":"2024-01-09T20:08:52","slug":"livraison-de-lepicerie","status":"publish","type":"page","link":"https:\/\/comitevas-y.org\/?page_id=520","title":{"rendered":"Livraison de l&#8217;\u00e9picerie"},"content":{"rendered":"<h3 style=\"text-align: center;\"><strong><span style=\"color: #0000ff;\"><img loading=\"lazy\" class=\"alignleft size-thumbnail wp-image-644\" src=\"https:\/\/i0.wp.com\/comitevas-y.org\/wp-content\/uploads\/2020\/03\/LIVRAISON-2.jpg?resize=150%2C150&#038;ssl=1\" alt=\"\" width=\"150\" height=\"150\" srcset=\"https:\/\/i0.wp.com\/comitevas-y.org\/wp-content\/uploads\/2020\/03\/LIVRAISON-2.jpg?resize=150%2C150&amp;ssl=1 150w, https:\/\/i0.wp.com\/comitevas-y.org\/wp-content\/uploads\/2020\/03\/LIVRAISON-2.jpg?resize=270%2C270&amp;ssl=1 270w, https:\/\/i0.wp.com\/comitevas-y.org\/wp-content\/uploads\/2020\/03\/LIVRAISON-2.jpg?resize=230%2C230&amp;ssl=1 230w, https:\/\/i0.wp.com\/comitevas-y.org\/wp-content\/uploads\/2020\/03\/LIVRAISON-2.jpg?zoom=3&amp;resize=150%2C150&amp;ssl=1 450w\" sizes=\"(max-width: 150px) 100vw, 150px\" data-recalc-dims=\"1\" \/><\/span><\/strong><\/h3>\n<h3><\/h3>\n<h3 style=\"text-align: center;\"><strong><span style=\"color: #0000ff;\">\u00c9PICERIE<\/span><\/strong><\/h3>\n<h3 style=\"text-align: center;\"><span style=\"color: #0000ff;\">PR\u00c9PARATION \/ LIVRAISON<\/span><\/h3>\n<p style=\"text-align: center;\">Vous \u00eates r\u00e9sident de\u00a0 \u00a0 \u00a0 <strong>Saint-Raymond, <\/strong><\/p>\n<p style=\"text-align: center;\"><strong>\u00a0 \u00a0 \u00a0 \u00a0 \u00a0 \u00a0 \u00a0 \u00a0Lac Sergent, <\/strong><\/p>\n<p style=\"text-align: center;\"><strong>Saint-L\u00e9onard-de-Portneuf,\u00a0 \u00a0 \u00a0<\/strong><\/p>\n<p style=\"text-align: center;\"><strong>Ste-Christine-d&#8217;Auvergne, <\/strong><\/p>\n<p>vous \u00eates un a\u00een\u00e9, une personne en convalescence ou vous avez des limitations ?<\/p>\n<p>&nbsp;<\/p>\n<p>T\u00e9l\u00e9phonez au<strong><span style=\"color: #0000ff;\"> MAXI ST-RAYMOND: 418 337-2278<img loading=\"lazy\" class=\"size-full wp-image-929 alignleft\" src=\"https:\/\/i0.wp.com\/comitevas-y.org\/wp-content\/uploads\/2023\/04\/MAXI.png?resize=314%2C161&#038;ssl=1\" alt=\"\" width=\"314\" height=\"161\" srcset=\"https:\/\/i0.wp.com\/comitevas-y.org\/wp-content\/uploads\/2023\/04\/MAXI.png?w=314&amp;ssl=1 314w, https:\/\/i0.wp.com\/comitevas-y.org\/wp-content\/uploads\/2023\/04\/MAXI.png?resize=300%2C154&amp;ssl=1 300w\" sizes=\"(max-width: 314px) 100vw, 314px\" data-recalc-dims=\"1\" \/><\/span><\/strong><\/p>\n<p style=\"text-align: left;\"><strong>Les mardis entre 08h00 et 09h30<\/strong>.<\/p>\n<p>Un b\u00e9n\u00e9vole du Comit\u00e9 Vas-y pr\u00e9parera votre commande. Vous pouvez payer <strong><span style=\"color: #0000ff;\">avec votre carte de d\u00e9bit, carte de cr\u00e9dit ou argent comptant.<\/span><\/strong><\/p>\n<p>&nbsp;<\/p>\n<p>Les b\u00e9n\u00e9voles du Comit\u00e9 Vas-Y livreront votre commande \u00e0 votre domicile la journ\u00e9e m\u00eame.<\/p>\n<p><strong>Pour b\u00e9n\u00e9ficier de ce service, vous devez \u00eatre membre du Comit\u00e9 Vas-Y.<\/strong><\/p>\n<p><strong> Pour obtenir la carte de membre <span style=\"color: #993300;\"><span style=\"color: #3366ff;\"><span style=\"color: #000000;\">(voir l&#8217;onglet &#8220;Devenir membre&#8221; au bas de la page d&#8217;accueil).<\/span><\/span><\/span><\/strong><\/p>\n<h3><span style=\"color: #0000ff;\"><strong>Avertissement<\/strong><\/span><\/h3>\n<p><em><strong>Nous pouvons faire un nombre limit\u00e9 de livraison. <\/strong><\/em><\/p>\n<p><strong>Si on vous refuse parce que le nombre de commande est atteint<\/strong><\/p>\n<p><strong> et que nous n&#8217;avez aucune personne pour vous aider.<\/strong><\/p>\n<p><strong>Appelez au Comit\u00e9 et nous ferons l&#8217;impossible pour trouver un ou une b\u00e9n\u00e9vole pour vous venir en aide.<\/strong><\/p>\n<p>&nbsp;<\/p>\n<p>&nbsp;<\/p>\n","protected":false},"excerpt":{"rendered":"<p>Les b\u00e9n\u00e9voles du Comit\u00e9 Vas-Y livreront votre commande \u00e0 votre domicile la journ\u00e9e m\u00eame \u00e0 partir de 13h00.<\/p>\n","protected":false},"author":2,"featured_media":929,"parent":0,"menu_order":0,"comment_status":"closed","ping_status":"closed","template":"","meta":{"spay_email":""},"jetpack_sharing_enabled":true,"jetpack_shortlink":"https:\/\/wp.me\/P8etWi-8o","_links":{"self":[{"href":"https:\/\/comitevas-y.org\/index.php?rest_route=\/wp\/v2\/pages\/520"}],"collection":[{"href":"https:\/\/comitevas-y.org\/index.php?rest_route=\/wp\/v2\/pages"}],"about":[{"href":"https:\/\/comitevas-y.org\/index.php?rest_route=\/wp\/v2\/types\/page"}],"author":[{"embeddable":true,"href":"https:\/\/comitevas-y.org\/index.php?rest_route=\/wp\/v2\/users\/2"}],"replies":[{"embeddable":true,"href":"https:\/\/comitevas-y.org\/index.php?rest_route=%2Fwp%2Fv2%2Fcomments&post=520"}],"version-history":[{"count":14,"href":"https:\/\/comitevas-y.org\/index.php?rest_route=\/wp\/v2\/pages\/520\/revisions"}],"predecessor-version":[{"id":988,"href":"https:\/\/comitevas-y.org\/index.php?rest_route=\/wp\/v2\/pages\/520\/revisions\/988"}],"wp:featuredmedia":[{"embeddable":true,"href":"https:\/\/comitevas-y.org\/index.php?rest_route=\/wp\/v2\/media\/929"}],"wp:attachment":[{"href":"https:\/\/comitevas-y.org\/index.php?rest_route=%2Fwp%2Fv2%2Fmedia&parent=520"}],"curies":[{"name":"wp","href":"https:\/\/api.w.org\/{rel}","templated":true}]}}