{"id":875,"date":"2023-03-30T14:03:18","date_gmt":"2023-03-30T13:03:18","guid":{"rendered":"https:\/\/comitevas-y.org\/?page_id=875"},"modified":"2026-03-26T22:08:30","modified_gmt":"2026-03-26T21:08:30","slug":"popote-roulante","status":"publish","type":"page","link":"https:\/\/comitevas-y.org\/?page_id=875","title":{"rendered":"POPOTE ROULANTE"},"content":{"rendered":"<figure id=\"attachment_781\" aria-describedby=\"caption-attachment-781\" style=\"width: 181px\" class=\"wp-caption alignright\"><img loading=\"lazy\" class=\"size-full wp-image-781\" src=\"https:\/\/i0.wp.com\/comitevas-y.org\/wp-content\/uploads\/2022\/02\/VAS-Y_AVEC_PR\u00c9SENT.png?resize=181%2C139&#038;ssl=1\" alt=\"\" width=\"181\" height=\"139\" data-recalc-dims=\"1\" \/><figcaption id=\"caption-attachment-781\" class=\"wp-caption-text\">EN COLLABORATION AVEC :<\/figcaption><\/figure>\n<p>&nbsp;<\/p>\n<p>&nbsp;<\/p>\n<p style=\"text-align: center;\"><span style=\"color: #0000ff;\"><strong>Le Comit\u00e9 Vas-y est heureux d&#8217;offrir \u00e0 la population du NORD de Portneuf un nouveau service de <\/strong><\/span><\/p>\n<h1 style=\"text-align: center;\"><strong>POPOTE ROULANTE<\/strong><\/h1>\n<p style=\"text-align: center;\">Fort de son exp\u00e9rience, de la qualit\u00e9 de ses produits et de prix abordables, notre nouveau fournisseur<\/p>\n<p style=\"text-align: center;\"><span style=\"color: #0000ff;\"><strong>\u00ab Les Aliments Portneuf \u00bb<\/strong><\/span> est d\u00e9j\u00e0 bien implant\u00e9 dans le comt\u00e9.<\/p>\n<p><span style=\"color: #993366;\">Il est le fournisseur de l&#8217;organisme qui couvre l&#8217;OUEST de Portneuf : \u00ab Entraide communautaire Le Halo \u00bb.<\/span><\/p>\n<p>&nbsp;<\/p>\n<p style=\"text-align: center;\"><strong><span style=\"color: #ff0000;\">POUR COMMANDER OU OBTENIR PLUS D&#8217;EXPLICATIONS<\/span><\/strong><\/p>\n<p style=\"text-align: center;\"><strong><span style=\"color: #0000ff;\">APPELER AU 418 337-4454, FAIRE LE CHOIX NO\u00a0 <\/span><span style=\"color: #ff0000;\">221<\/span><\/strong><\/p>\n<p style=\"text-align: center;\"><span style=\"color: #0000ff;\">EN VIGUEUR LE 14 F\u00c9VRIER 2025<\/span><\/p>\n<a href=\"https:\/\/comitevas-y.org\/wp-content\/uploads\/2026\/03\/03_06_avril-au-10-mai_2026_menu_vas-y.pdf\" class=\"pdfemb-viewer\" style=\"\" data-width=\"max\" data-height=\"max\"  data-toolbar=\"both\" data-toolbar-fixed=\"on\">03_06_avril au 10 mai_2026_menu_vas-y<br\/><\/a>\n<p>&nbsp;<\/p>\n<p><strong>UTILISER LA FL\u00c8CHE<\/strong><\/p>\n<p>POUR VOIR LE RECTO OU LE VERSO<\/p>\n<p>&nbsp;<\/p>\n<p>&nbsp;<\/p>\n<p>&nbsp;<\/p>\n<p>&nbsp;<\/p>\n<p>&nbsp;<\/p>\n<p>&nbsp;<\/p>\n<p>&nbsp;<\/p>\n<p>&nbsp;<\/p>\n<p>&nbsp;<\/p>\n<p>&nbsp;<\/p>\n<p>&nbsp;<\/p>\n<p>&nbsp;<\/p>\n<p>&nbsp;<\/p>\n","protected":false},"excerpt":{"rendered":"<p>&nbsp; &nbsp; Le Comit\u00e9 Vas-y est heureux d&#8217;offrir \u00e0 la population du NORD de Portneuf un nouveau service de POPOTE ROULANTE Fort de son exp\u00e9rience, de la qualit\u00e9 de ses produits et de prix abordables, notre nouveau fournisseur \u00ab Les<\/p>\n","protected":false},"author":2,"featured_media":931,"parent":0,"menu_order":0,"comment_status":"closed","ping_status":"closed","template":"","meta":{"spay_email":""},"jetpack_sharing_enabled":true,"jetpack_shortlink":"https:\/\/wp.me\/P8etWi-e7","_links":{"self":[{"href":"https:\/\/comitevas-y.org\/index.php?rest_route=\/wp\/v2\/pages\/875"}],"collection":[{"href":"https:\/\/comitevas-y.org\/index.php?rest_route=\/wp\/v2\/pages"}],"about":[{"href":"https:\/\/comitevas-y.org\/index.php?rest_route=\/wp\/v2\/types\/page"}],"author":[{"embeddable":true,"href":"https:\/\/comitevas-y.org\/index.php?rest_route=\/wp\/v2\/users\/2"}],"replies":[{"embeddable":true,"href":"https:\/\/comitevas-y.org\/index.php?rest_route=%2Fwp%2Fv2%2Fcomments&post=875"}],"version-history":[{"count":60,"href":"https:\/\/comitevas-y.org\/index.php?rest_route=\/wp\/v2\/pages\/875\/revisions"}],"predecessor-version":[{"id":1317,"href":"https:\/\/comitevas-y.org\/index.php?rest_route=\/wp\/v2\/pages\/875\/revisions\/1317"}],"wp:featuredmedia":[{"embeddable":true,"href":"https:\/\/comitevas-y.org\/index.php?rest_route=\/wp\/v2\/media\/931"}],"wp:attachment":[{"href":"https:\/\/comitevas-y.org\/index.php?rest_route=%2Fwp%2Fv2%2Fmedia&parent=875"}],"curies":[{"name":"wp","href":"https:\/\/api.w.org\/{rel}","templated":true}]}}