{"id":945,"date":"2023-06-16T13:27:17","date_gmt":"2023-06-16T12:27:17","guid":{"rendered":"https:\/\/comitevas-y.org\/?page_id=945"},"modified":"2025-05-30T16:50:56","modified_gmt":"2025-05-30T15:50:56","slug":"assemblee-generale-annuelle","status":"publish","type":"page","link":"https:\/\/comitevas-y.org\/?page_id=945","title":{"rendered":"AGA"},"content":{"rendered":"<p>Saint-Raymond, le 30 mai 2025<\/p>\n<p><strong>AUX MEMBRES DU COMIT\u00c9 VAS-Y<\/strong><\/p>\n<h1><strong>Avis de convocation \u00e0 l\u2019assembl\u00e9e g\u00e9n\u00e9rale annuelle (AGA)<\/strong><\/h1>\n<p>Madame, Monsieur,<\/p>\n<p>Le Conseil d\u2019administration du Comit\u00e9 VAS-Y a le plaisir de vous convoquer \u00e0 son assembl\u00e9e g\u00e9n\u00e9rale annuelle qui aura lieu le <strong>mardi 10 juin 2025 \u00e0 19 h,<\/strong> \u00e0 la salle A du Centre multifonctionnel Rolland-Dion, 160\u00a0Place de l&#8217;\u00c9glise, Saint-Raymond, QC, G3L 1G4.<\/p>\n<p>Le proc\u00e8s-verbal de l\u2019assembl\u00e9e g\u00e9n\u00e9rale annuelle du 11 juin 2024 est disponible pour consultation \u00e0 nos bureaux ou sur notre site\u00a0: <strong>www.comitevas-y.org<\/strong><\/p>\n<p>Cette ann\u00e9e, quatre (4) postes du conseil d&#8217;administration sont en \u00e9lection. Et, il y a un (1) poste vacant \u00e0 combler, il reste un an \u00e0 faire \u00e0 ce poste. C&#8217;est donc 5 des 7 postes du conseil d&#8217;administration qui sont en \u00e9lection cette ann\u00e9e. Toutes les candidatures pour occuper un poste au conseil d&#8217;administration devront \u00eatre re\u00e7ues, par \u00e9crit, au Comit\u00e9 Vas-Y au plus tard \u00e0 16 h le 9 juin 2025, soit la veille de l&#8217;assembl\u00e9e g\u00e9n\u00e9rale.<\/p>\n<p>&nbsp;<\/p>\n<p><em>Nous appr\u00e9cierions que vous confirmiez votre pr\u00e9sence<\/em> avant le lundi 9 juin au num\u00e9ro de t\u00e9l\u00e9phone 418\u2011337\u20114454, option 1, afin de faciliter l\u2019organisation de cet \u00e9v\u00e9nement.<\/p>\n<p>&nbsp;<\/p>\n<p>Au plaisir de vous y rencontrer.<\/p>\n<p>&nbsp;<\/p>\n<p>Isabelle Naud<\/p>\n<p>Secr\u00e9taire<\/p>\n<p>&nbsp;<\/p>\n<p><strong>\u00c0 la suite de l&#8217;ordre du jour vous trouverez <\/strong><em>le Proc\u00e8s-verbal de l\u2019assembl\u00e9e g\u00e9n\u00e9rale du 11 juin 2024 <\/em>et\u00a0 <em>la proposition de modification aux r\u00e8glements g\u00e9n\u00e9raux 2025<\/em>.<\/p>\n<p><u>\u00a0 \u00a0 \u00a0 \u00a0 \u00a0 \u00a0 \u00a0 \u00a0 \u00a0 \u00a0 \u00a0 \u00a0 \u00a0 \u00a0 \u00a0 \u00a0 \u00a0 \u00a0 \u00a0 \u00a0 \u00a0 \u00a0 \u00a0 \u00a0 \u00a0 \u00a0 \u00a0 \u00a0 \u00a0 \u00a0 \u00a0 \u00a0 \u00a0 \u00a0 \u00a0 \u00a0 \u00a0 \u00a0 \u00a0 \u00a0 \u00a0 \u00a0 \u00a0 \u00a0 \u00a0 \u00a0 \u00a0 \u00a0 \u00a0 \u00a0 \u00a0 \u00a0 \u00a0 \u00a0 \u00a0 \u00a0 \u00a0 \u00a0 \u00a0 \u00a0 \u00a0 \u00a0 \u00a0 \u00a0 \u00a0 \u00a0 \u00a0 \u00a0 \u00a0 \u00a0 \u00a0 \u00a0 \u00a0 \u00a0 \u00a0 \u00a0 \u00a0 \u00a0 \u00a0 \u00a0 \u00a0 \u00a0 \u00a0 \u00a0 \u00a0 \u00a0 \u00a0 \u00a0<\/u><\/p>\n<p style=\"text-align: center;\"><strong><u>Ordre du jour <\/u><\/strong><\/p>\n<p style=\"text-align: center;\"><strong><u>Assembl\u00e9e g\u00e9n\u00e9rale annuelle 2025<\/u><\/strong><\/p>\n<ol>\n<li style=\"text-align: left;\">Mot de bienvenue du pr\u00e9sident et v\u00e9rification du quorum<\/li>\n<li style=\"text-align: left;\">Lecture et adoption de l\u2019ordre du jour<\/li>\n<li style=\"text-align: left;\">Lecture et adoption du proc\u00e8s-verbal de l\u2019assembl\u00e9e g\u00e9n\u00e9rale annuelle du 11 juin 2024<\/li>\n<li style=\"text-align: left;\">Pr\u00e9sentation et adoption des \u00e9tats financiers 2024-2025<\/li>\n<li style=\"text-align: left;\">Adoption des r\u00e8glements g\u00e9n\u00e9raux modifi\u00e9s<\/li>\n<li style=\"text-align: left;\">Nomination du v\u00e9rificateur pour 2025-2026<\/li>\n<li style=\"text-align: left;\">Pr\u00e9sentation et adoption du rapport annuel d\u2019activit\u00e9s 2024-2025<\/li>\n<li style=\"text-align: left;\">Pr\u00e9sentation du r\u00f4le du Conseil d\u2019administration<\/li>\n<li style=\"text-align: left;\">\u00c9lections\u00a0:\n<ul>\n<li>Nomination d\u2019un secr\u00e9taire et d\u2019un pr\u00e9sident d\u2019\u00e9lection<\/li>\n<li>\u00c9lection de 5 administrateurs<\/li>\n<\/ul>\n<\/li>\n<li style=\"text-align: left;\">Varia<\/li>\n<li style=\"text-align: left;\">Lev\u00e9e de l\u2019assembl\u00e9e<\/li>\n<\/ol>\n<p>&nbsp;<\/p>\n<p style=\"text-align: left;\"><a href=\"https:\/\/comitevas-y.org\/wp-content\/uploads\/2025\/05\/PV_AGA-2024-06-11.pdf\" class=\"pdfemb-viewer\" style=\"\" data-width=\"max\" data-height=\"max\"  data-toolbar=\"both\" data-toolbar-fixed=\"on\">PV_AGA 2024-06-11<br\/><\/a><\/p>\n<p><strong>Utiliser (cliquer) la fl\u00e8che pour voir les trois (3) page du document<\/strong><\/p>\n<p>&nbsp;<\/p>\n<p><strong>PROPOSITION MODIFICATION AUX R\u00c8GLEMENTS G\u00c9N\u00c9RAUX DU COMIT\u00c9 VAS-Y 2025<\/strong><\/p>\n<p>&nbsp;<\/p>\n<h2><strong>Ce qui \u00e9tait\u00a0 \u00a0 \u00a0 \u00a0 \u00a0 \u00a0 \u00a0 \u00a0 \u00a0 \u00a0 \u00a0 \u00a0 \u00a0 \u00a0 \u00a0 \u00a0 \u00a0 \u00a0 \u00a0 \u00a0 \u00a0 \u00a0 \u00a0 \u00a0 \u00a0 \u00a0 \u00a0 \u00a0 \u00a0 \u00a0 \u00a0 \u00a0 \u00a0 \u00a0 \u00a0 \u00a0 \u00a0 \u00a0 \u00a0 \u00a0 \u00a0 \u00a0 \u00a0 \u00a0 \u00a0 \u00a0 \u00a0 \u00a0 \u00a0 \u00a0 \u00a0 \u00a0 \u00a0 \u00a0 \u00a0 \u00a0 \u00a0 \u00a0 \u00a0 \u00a0 \u00a0 \u00a0 \u00a0 \u00a0 \u00a0 \u00a0 \u00a0 \u00a0\u00a0 \u00a0 \u00a0 \u00a0 \u00a0 \u00a0 \u00a0 \u00a0 \u00a0 \u00a0 \u00a0 \u00a0 \u00a0 \u00a0 \u00a0 \u00a0 \u00a0 \u00a0 \u00a0 \u00a0 \u00a0 \u00a0 \u00a0 \u00a0 \u00a0 \u00a0 \u00a0 \u00a0 \u00a0 \u00a0 \u00a0 \u00a0 \u00a0 \u00a0 \u00a0 \u00a0 \u00a0 \u00a0 \u00a0 \u00a0 \u00a0 \u00a0 \u00a0 \u00a0 \u00a0 \u00a0 \u00a0 \u00a0 \u00a0 \u00a0 \u00a0 \u00a0 \u00a0\u00a0<\/strong><\/h2>\n<p>MEMBRE (Prix de la carte de membre)<\/p>\n<p><em>Article 5\u00a0\u00a0\u00a0\u00a0 MEMBRE<\/em><\/p>\n<p>Toute personne vis\u00e9e par la mission et les lettres patentes de l\u2019organisme peut devenir membre en autant qu\u2019elle partage les valeurs et les objectifs, qu\u2019elle respecte les r\u00e8glements g\u00e9n\u00e9raux, qu\u2019elle <strong>acquitte la cotisation annuelle.<\/strong><\/p>\n<p>\u2026 L<strong>e prix annuel<\/strong> de la carte de membre est de : 5 $ pour le membre qui re\u00e7oit nos communications par internet.<\/p>\n<p>6 $ pour le membre qui ne re\u00e7oit pas nos communications par internet.<\/p>\n<h2><strong>MODIFICATION PROPOS\u00c9E<\/strong><\/h2>\n<p><em>Article 5\u00a0\u00a0\u00a0\u00a0 MEMBRE<\/em><\/p>\n<p>Toute personne vis\u00e9e par la mission et les lettres patentes de l\u2019organisme peut devenir membre en autant qu\u2019elle partage les valeurs et les objectifs, qu\u2019elle respecte les r\u00e8glements g\u00e9n\u00e9raux, qu\u2019elle <strong>acquitte la cotisation annuelle.<\/strong><\/p>\n<p><strong>Le prix de la carte de membre est de : 10$ par ann\u00e9e. Le montant doit \u00eatre pay\u00e9 dans le courant du mois qui correspond au mois de son adh\u00e9sion.<\/strong><\/p>\n<p>&nbsp;<\/p>\n<p>&nbsp;<\/p>\n<p>&nbsp;<\/p>\n<p>&nbsp;<\/p>\n<p>&nbsp;<\/p>\n","protected":false},"excerpt":{"rendered":"<p>Saint-Raymond, le 30 mai 2025 AUX MEMBRES DU COMIT\u00c9 VAS-Y Avis de convocation \u00e0 l\u2019assembl\u00e9e g\u00e9n\u00e9rale annuelle (AGA) Madame, Monsieur, Le Conseil d\u2019administration du Comit\u00e9 VAS-Y a le plaisir de vous convoquer \u00e0 son assembl\u00e9e g\u00e9n\u00e9rale annuelle qui aura lieu<\/p>\n","protected":false},"author":2,"featured_media":0,"parent":0,"menu_order":0,"comment_status":"closed","ping_status":"closed","template":"","meta":{"spay_email":""},"jetpack_sharing_enabled":true,"jetpack_shortlink":"https:\/\/wp.me\/P8etWi-ff","_links":{"self":[{"href":"https:\/\/comitevas-y.org\/index.php?rest_route=\/wp\/v2\/pages\/945"}],"collection":[{"href":"https:\/\/comitevas-y.org\/index.php?rest_route=\/wp\/v2\/pages"}],"about":[{"href":"https:\/\/comitevas-y.org\/index.php?rest_route=\/wp\/v2\/types\/page"}],"author":[{"embeddable":true,"href":"https:\/\/comitevas-y.org\/index.php?rest_route=\/wp\/v2\/users\/2"}],"replies":[{"embeddable":true,"href":"https:\/\/comitevas-y.org\/index.php?rest_route=%2Fwp%2Fv2%2Fcomments&post=945"}],"version-history":[{"count":11,"href":"https:\/\/comitevas-y.org\/index.php?rest_route=\/wp\/v2\/pages\/945\/revisions"}],"predecessor-version":[{"id":1256,"href":"https:\/\/comitevas-y.org\/index.php?rest_route=\/wp\/v2\/pages\/945\/revisions\/1256"}],"wp:attachment":[{"href":"https:\/\/comitevas-y.org\/index.php?rest_route=%2Fwp%2Fv2%2Fmedia&parent=945"}],"curies":[{"name":"wp","href":"https:\/\/api.w.org\/{rel}","templated":true}]}}