{"id":993,"date":"2024-01-10T22:14:53","date_gmt":"2024-01-10T21:14:53","guid":{"rendered":"https:\/\/comitevas-y.org\/?page_id=993"},"modified":"2025-03-13T18:55:26","modified_gmt":"2025-03-13T17:55:26","slug":"regime-soins-dentaires-canada","status":"publish","type":"page","link":"https:\/\/comitevas-y.org\/?page_id=993","title":{"rendered":"R\u00c9GIME SOINS DENTAIRES CANADA"},"content":{"rendered":"<p>&nbsp;<\/p>\n<h1><strong>VOICI L&#8217;INFORMATION RE\u00c7U CONCERNANT\u00a0<\/strong><\/h1>\n<p>&nbsp;<\/p>\n<h2><strong>LE R\u00c9GIME CANADIEN DE SOINS DENTAIRES (RCSD)<\/strong><\/h2>\n<h1><span style=\"color: #0000ff;\">INFORMATION IMPORTANTE<\/span><\/h1>\n<p>&nbsp;<\/p>\n<h3>Si vous \u00eates couvert par le RCSD (R\u00e9gime Canadien de Soins Dentaires), vous devez renouveler votre couverture chaque ann\u00e9e pour confirmer que vous continuez de r\u00e9pondre \u00e0 tous les\u00a0<a href=\"https:\/\/www.canada.ca\/fr\/services\/prestations\/dentaire\/regime-soins-dentaires\/admissibilite.html\" data-auth=\"NotApplicable\">crit\u00e8res d&#8217;admissibilit\u00e9<\/a>.<\/h3>\n<h3>\u00c0 partir de mars 2025, toutes les personnes couvertes par le RCSD doivent entreprendre les d\u00e9marches pour renouveler leur couverture lorsque leur d\u00e9claration de revenus pour 2024 aura \u00e9t\u00e9 transmise et qu&#8217;elles\u00a0auront re\u00e7u leur avis de cotisation de l&#8217;Agence du revenu du Canada.<\/h3>\n<h3><\/h3>\n<h3>D\u00e9couvrez comment renouveler votre couverture en vertu du RCSD avant le 1er juin 2025 pour \u00e9viter une \u00e9ventuelle interruption de couverture, en\u00a0cliquant sur le lien suivant pour acc\u00e9der au site du RCSD.<\/h3>\n<p>&nbsp;<\/p>\n<h3><u><a href=\"https:\/\/www.canada.ca\/fr\/services\/prestations\/dentaire\/regime-soins-dentaires.html\" data-auth=\"NotApplicable\">R\u00e9gime canadien de soins dentaires &#8211; Canada.ca<\/a><\/u><\/h3>\n<p>&nbsp;<\/p>\n<h3><strong><em>Alain Desbiens<\/em><\/strong><\/h3>\n<h3>Directeur g\u00e9n\u00e9ral<\/h3>\n<h3>Table de concertation des personnes a\u00een\u00e9es<\/h3>\n<h3>de la Capitale Nationale (TCPACN)<\/h3>\n<p>&nbsp;<\/p>\n<p>&nbsp;<\/p>\n<p>&nbsp;<\/p>\n<p>&nbsp;<\/p>\n<p>&nbsp;<\/p>\n<p>&nbsp;<\/p>\n<p>&nbsp;<\/p>\n<p>&nbsp;<\/p>\n<p>&nbsp;<\/p>\n<p>&nbsp;<\/p>\n<p>&nbsp;<\/p>\n<p>&nbsp;<\/p>\n<p>&nbsp;<\/p>\n<p>&nbsp;<\/p>\n<p>&nbsp;<\/p>\n<p>&nbsp;<\/p>\n<p>&nbsp;<\/p>\n<p>&nbsp;<\/p>\n<p>&nbsp;<\/p>\n<p>&nbsp;<\/p>\n<p>&nbsp;<\/p>\n<p>&nbsp;<\/p>\n<p>&nbsp;<\/p>\n<p>&nbsp;<\/p>\n<h3><span style=\"color: #ff0000;\">\u00a0<\/span><\/h3>\n","protected":false},"excerpt":{"rendered":"<p>&nbsp; VOICI L&#8217;INFORMATION RE\u00c7U CONCERNANT\u00a0 &nbsp; LE R\u00c9GIME CANADIEN DE SOINS DENTAIRES (RCSD) INFORMATION IMPORTANTE &nbsp; Si vous \u00eates couvert par le RCSD (R\u00e9gime Canadien de Soins Dentaires), vous devez renouveler votre couverture chaque ann\u00e9e pour confirmer que vous continuez<\/p>\n","protected":false},"author":2,"featured_media":0,"parent":0,"menu_order":0,"comment_status":"closed","ping_status":"closed","template":"","meta":{"spay_email":""},"jetpack_sharing_enabled":true,"jetpack_shortlink":"https:\/\/wp.me\/P8etWi-g1","_links":{"self":[{"href":"https:\/\/comitevas-y.org\/index.php?rest_route=\/wp\/v2\/pages\/993"}],"collection":[{"href":"https:\/\/comitevas-y.org\/index.php?rest_route=\/wp\/v2\/pages"}],"about":[{"href":"https:\/\/comitevas-y.org\/index.php?rest_route=\/wp\/v2\/types\/page"}],"author":[{"embeddable":true,"href":"https:\/\/comitevas-y.org\/index.php?rest_route=\/wp\/v2\/users\/2"}],"replies":[{"embeddable":true,"href":"https:\/\/comitevas-y.org\/index.php?rest_route=%2Fwp%2Fv2%2Fcomments&post=993"}],"version-history":[{"count":10,"href":"https:\/\/comitevas-y.org\/index.php?rest_route=\/wp\/v2\/pages\/993\/revisions"}],"predecessor-version":[{"id":1225,"href":"https:\/\/comitevas-y.org\/index.php?rest_route=\/wp\/v2\/pages\/993\/revisions\/1225"}],"wp:attachment":[{"href":"https:\/\/comitevas-y.org\/index.php?rest_route=%2Fwp%2Fv2%2Fmedia&parent=993"}],"curies":[{"name":"wp","href":"https:\/\/api.w.org\/{rel}","templated":true}]}}